{"id":1899,"date":"2024-01-01T04:16:23","date_gmt":"2024-01-01T03:16:23","guid":{"rendered":"https:\/\/alcalaten.es\/?page_id=1899"},"modified":"2024-01-01T05:19:59","modified_gmt":"2024-01-01T04:19:59","slug":"inscripcion","status":"publish","type":"page","link":"https:\/\/alcalaten.es\/index.php\/inscripcion\/","title":{"rendered":"Inscripci\u00f3n"},"content":{"rendered":"\t\t<div data-elementor-type=\"wp-page\" data-elementor-id=\"1899\" class=\"elementor elementor-1899\">\n\t\t\t\t<div class=\"elementor-element elementor-element-b93b03a e-flex e-con-boxed e-con e-parent\" data-id=\"b93b03a\" data-element_type=\"container\" data-e-type=\"container\">\n\t\t\t\t\t<div class=\"e-con-inner\">\n\t\t\t\t<div class=\"elementor-element elementor-element-1f86533 elementor-widget elementor-widget-heading\" data-id=\"1f86533\" data-element_type=\"widget\" data-e-type=\"widget\" data-widget_type=\"heading.default\">\n\t\t\t\t<div class=\"elementor-widget-container\">\n\t\t\t\t\t<h2 class=\"elementor-heading-title elementor-size-default\">Formulario de Inscripci\u00f3n a la Mostra<\/h2>\t\t\t\t<\/div>\n\t\t\t\t<\/div>\n\t\t\t\t<div class=\"elementor-element elementor-element-e7c5815 elementor-widget__width-inherit elementor-widget elementor-widget-wpforms\" data-id=\"e7c5815\" data-element_type=\"widget\" data-e-type=\"widget\" data-widget_type=\"wpforms.default\">\n\t\t\t\t<div class=\"elementor-widget-container\">\n\t\t\t\t\t<div class=\"wpforms-container \" id=\"wpforms-1891\"><form id=\"wpforms-form-1891\" class=\"wpforms-validate wpforms-form wpforms-ajax-form\" data-formid=\"1891\" method=\"post\" enctype=\"multipart\/form-data\" action=\"\/index.php\/wp-json\/wp\/v2\/pages\/1899\" data-token=\"8f14c5f4f7044cf8133c949fc0df2a21\" data-token-time=\"1777538388\"><noscript class=\"wpforms-error-noscript\">Please enable JavaScript in your browser to complete this form.<\/noscript><div class=\"wpforms-field-container\"><div id=\"wpforms-1891-field_2-container\" class=\"wpforms-field wpforms-field-text\" data-field-id=\"2\"><label class=\"wpforms-field-label\" for=\"wpforms-1891-field_2\">Nom Artes\u00e0, Associaci\u00f3 o Empresa: <span class=\"wpforms-required-label\">*<\/span><\/label><input type=\"text\" id=\"wpforms-1891-field_2\" class=\"wpforms-field-medium wpforms-field-required\" name=\"wpforms[fields][2]\" required><\/div><div id=\"wpforms-1891-field_6-container\" class=\"wpforms-field wpforms-field-text\" data-field-id=\"6\"><label class=\"wpforms-field-label\" for=\"wpforms-1891-field_6\">Text que desitja que figure al cartell de la parada: <span class=\"wpforms-required-label\">*<\/span><\/label><input type=\"text\" id=\"wpforms-1891-field_6\" class=\"wpforms-field-medium wpforms-field-required\" name=\"wpforms[fields][6]\" required><\/div><div id=\"wpforms-1891-field_3-container\" class=\"wpforms-field wpforms-field-text\" data-field-id=\"3\"><label class=\"wpforms-field-label\" for=\"wpforms-1891-field_3\">Activitat i productes que portar\u00e0 el dia de la mostra: <span class=\"wpforms-required-label\">*<\/span><\/label><input type=\"text\" id=\"wpforms-1891-field_3\" class=\"wpforms-field-medium wpforms-field-required\" name=\"wpforms[fields][3]\" required><\/div><div id=\"wpforms-1891-field_4-container\" class=\"wpforms-field wpforms-field-select wpforms-field-select-style-classic\" data-field-id=\"4\"><label class=\"wpforms-field-label\" for=\"wpforms-1891-field_4\">Localitat a la que perteneix <span class=\"wpforms-required-label\">*<\/span><\/label><select id=\"wpforms-1891-field_4\" class=\"wpforms-field-medium wpforms-field-required\" name=\"wpforms[fields][4]\" required=\"required\"><option value=\"Alcora\"  class=\"choice-1 depth-1\"  >Alcora<\/option><option value=\"Costur\"  class=\"choice-2 depth-1\"  >Costur<\/option><option value=\"Figueroles\"  class=\"choice-7 depth-1\"  >Figueroles<\/option><option value=\"La Foia\"  class=\"choice-4 depth-1\"  >La Foia<\/option><option value=\"Les Useres\"  class=\"choice-3 depth-1\"  >Les Useres<\/option><option value=\"Llucena\"  class=\"choice-6 depth-1\"  >Llucena<\/option><option value=\"Xodos\"  class=\"choice-5 depth-1\"  >Xodos<\/option><\/select><\/div><div id=\"wpforms-1891-field_5-container\" class=\"wpforms-field wpforms-field-email\" data-field-id=\"5\"><label class=\"wpforms-field-label\" for=\"wpforms-1891-field_5\">Correu electr\u00f2nic: <span class=\"wpforms-required-label\">*<\/span><\/label><input type=\"email\" id=\"wpforms-1891-field_5\" class=\"wpforms-field-medium wpforms-field-required\" name=\"wpforms[fields][5]\" spellcheck=\"false\" required><\/div><div id=\"wpforms-1891-field_9-container\" class=\"wpforms-field wpforms-field-number-slider\" data-field-id=\"9\"><label class=\"wpforms-field-label\" for=\"wpforms-1891-field_9\">Espai en metres que necessita per a la caseta (part davantera)<\/label>\n<input\n\ttype=\"range\"\n\tid=\"wpforms-1891-field_9\" class=\"wpforms-field-medium\" name=\"wpforms[fields][9]\" value=\"3\"\t\tmin=\"3\"\n\tmax=\"20\"\n\tstep=\"1\">\n\n<div class=\"wpforms-field-number-slider-hint\"\n\tdata-hint=\"Valor seleccionat: {value}\">\n\tValor seleccionat: <b>3<\/b><\/div>\n<\/div><div id=\"wpforms-1891-field_12-container\" class=\"wpforms-field wpforms-field-checkbox\" data-field-id=\"12\"><label class=\"wpforms-field-label\">Necessitats:<\/label><ul id=\"wpforms-1891-field_12\"><li class=\"choice-1 depth-1\"><input type=\"checkbox\" id=\"wpforms-1891-field_12_1\" name=\"wpforms[fields][12][]\" value=\"Punt de llum per a conectarse\"  ><label class=\"wpforms-field-label-inline\" for=\"wpforms-1891-field_12_1\">Punt de llum per a conectarse<\/label><\/li><li class=\"choice-3 depth-1\"><input type=\"checkbox\" id=\"wpforms-1891-field_12_3\" name=\"wpforms[fields][12][]\" value=\"Caseta al costat d\u2019alguna altra?*\"  ><label class=\"wpforms-field-label-inline\" for=\"wpforms-1891-field_12_3\">Caseta al costat d\u2019alguna altra?*<\/label><\/li><li class=\"choice-4 depth-1\"><input type=\"checkbox\" id=\"wpforms-1891-field_12_4\" name=\"wpforms[fields][12][]\" value=\"Altres*\"  ><label class=\"wpforms-field-label-inline\" for=\"wpforms-1891-field_12_4\">Altres*<\/label><\/li><\/ul><div class=\"wpforms-field-description\">*Especificar en observacions les necessitats mes detallades<\/div><\/div><div id=\"wpforms-1891-field_13-container\" class=\"wpforms-field wpforms-field-textarea\" data-field-id=\"13\"><label class=\"wpforms-field-label\" for=\"wpforms-1891-field_13\">Observacions:<\/label><textarea id=\"wpforms-1891-field_13\" class=\"wpforms-field-medium\" name=\"wpforms[fields][13]\" ><\/textarea><div class=\"wpforms-field-description\">Detallans les necesitats que tingues o al costat de quina parada vols estar.<\/div><\/div><\/div><!-- .wpforms-field-container --><div class=\"wpforms-submit-container\" ><input type=\"hidden\" name=\"wpforms[id]\" value=\"1891\"><input type=\"hidden\" name=\"page_title\" value=\"\"><input type=\"hidden\" name=\"page_url\" value=\"https:\/\/alcalaten.es\/index.php\/wp-json\/wp\/v2\/pages\/1899\"><input type=\"hidden\" name=\"url_referer\" value=\"\"><button type=\"submit\" name=\"wpforms[submit]\" id=\"wpforms-submit-1891\" class=\"wpforms-submit\" data-alt-text=\"Envian...\" data-submit-text=\"Enviar\" aria-live=\"assertive\" value=\"wpforms-submit\">Enviar<\/button><img decoding=\"async\" src=\"https:\/\/alcalaten.es\/wp-content\/plugins\/wpforms-lite\/assets\/images\/submit-spin.svg\" class=\"wpforms-submit-spinner\" style=\"display: none;\" width=\"26\" height=\"26\" alt=\"Loading\"><\/div><\/form><\/div>  <!-- .wpforms-container -->\t\t\t\t<\/div>\n\t\t\t\t<\/div>\n\t\t\t\t\t<\/div>\n\t\t\t\t<\/div>\n\t\t\t\t<\/div>\n\t\t","protected":false},"excerpt":{"rendered":"<p>Formulario de Inscripci\u00f3n a la Mostra Por favor, activa JavaScript en tu navegador para completar este formulario.Nombre Artesano, Asociaci\u00f3n o Empresa: *Nombre que desea que aparezca en el cartel de la parada *Actividad y Productos que traer\u00e0 el dia de la mostra: *Localitat a la que pertenece *AlcoraCosturFiguerolesLa FoiaLes UseresLlucenaXodosCorreo electr\u00f3nico *Metros de parada (parte [&hellip;]<\/p>\n","protected":false},"author":1,"featured_media":0,"parent":0,"menu_order":0,"comment_status":"closed","ping_status":"closed","template":"","meta":{"_acf_changed":false,"site-sidebar-layout":"no-sidebar","site-content-layout":"page-builder","ast-site-content-layout":"full-width-container","site-content-style":"default","site-sidebar-style":"default","ast-global-header-display":"","ast-banner-title-visibility":"","ast-main-header-display":"","ast-hfb-above-header-display":"","ast-hfb-below-header-display":"","ast-hfb-mobile-header-display":"","site-post-title":"disabled","ast-breadcrumbs-content":"","ast-featured-img":"disabled","footer-sml-layout":"","ast-disable-related-posts":"","theme-transparent-header-meta":"","adv-header-id-meta":"","stick-header-meta":"","header-above-stick-meta":"","header-main-stick-meta":"","header-below-stick-meta":"","astra-migrate-meta-layouts":"set","ast-page-background-enabled":"default","ast-page-background-meta":{"desktop":{"background-color":"var(--ast-global-color-4)","background-image":"","background-repeat":"repeat","background-position":"center center","background-size":"auto","background-attachment":"scroll","background-type":"","background-media":"","overlay-type":"","overlay-color":"","overlay-opacity":"","overlay-gradient":""},"tablet":{"background-color":"","background-image":"","background-repeat":"repeat","background-position":"center center","background-size":"auto","background-attachment":"scroll","background-type":"","background-media":"","overlay-type":"","overlay-color":"","overlay-opacity":"","overlay-gradient":""},"mobile":{"background-color":"","background-image":"","background-repeat":"repeat","background-position":"center center","background-size":"auto","background-attachment":"scroll","background-type":"","background-media":"","overlay-type":"","overlay-color":"","overlay-opacity":"","overlay-gradient":""}},"ast-content-background-meta":{"desktop":{"background-color":"var(--ast-global-color-5)","background-image":"","background-repeat":"repeat","background-position":"center center","background-size":"auto","background-attachment":"scroll","background-type":"","background-media":"","overlay-type":"","overlay-color":"","overlay-opacity":"","overlay-gradient":""},"tablet":{"background-color":"var(--ast-global-color-5)","background-image":"","background-repeat":"repeat","background-position":"center center","background-size":"auto","background-attachment":"scroll","background-type":"","background-media":"","overlay-type":"","overlay-color":"","overlay-opacity":"","overlay-gradient":""},"mobile":{"background-color":"var(--ast-global-color-5)","background-image":"","background-repeat":"repeat","background-position":"center center","background-size":"auto","background-attachment":"scroll","background-type":"","background-media":"","overlay-type":"","overlay-color":"","overlay-opacity":"","overlay-gradient":""}},"footnotes":""},"class_list":["post-1899","page","type-page","status-publish","hentry"],"aioseo_notices":[],"acf":[],"_links":{"self":[{"href":"https:\/\/alcalaten.es\/index.php\/wp-json\/wp\/v2\/pages\/1899","targetHints":{"allow":["GET"]}}],"collection":[{"href":"https:\/\/alcalaten.es\/index.php\/wp-json\/wp\/v2\/pages"}],"about":[{"href":"https:\/\/alcalaten.es\/index.php\/wp-json\/wp\/v2\/types\/page"}],"author":[{"embeddable":true,"href":"https:\/\/alcalaten.es\/index.php\/wp-json\/wp\/v2\/users\/1"}],"replies":[{"embeddable":true,"href":"https:\/\/alcalaten.es\/index.php\/wp-json\/wp\/v2\/comments?post=1899"}],"version-history":[{"count":0,"href":"https:\/\/alcalaten.es\/index.php\/wp-json\/wp\/v2\/pages\/1899\/revisions"}],"wp:attachment":[{"href":"https:\/\/alcalaten.es\/index.php\/wp-json\/wp\/v2\/media?parent=1899"}],"curies":[{"name":"wp","href":"https:\/\/api.w.org\/{rel}","templated":true}]}}