{"id":2120,"date":"2024-01-14T00:36:37","date_gmt":"2024-01-13T23:36:37","guid":{"rendered":"https:\/\/alcalaten.es\/?page_id=2120"},"modified":"2024-02-28T19:58:28","modified_gmt":"2024-02-28T18:58:28","slug":"sobre-nosaltres","status":"publish","type":"page","link":"https:\/\/alcalaten.es\/index.php\/sobre-nosaltres\/","title":{"rendered":"Sobre Nosaltres"},"content":{"rendered":"\t\t<div data-elementor-type=\"wp-page\" data-elementor-id=\"2120\" class=\"elementor elementor-2120\">\n\t\t\t\t<div class=\"elementor-element elementor-element-dcfb448 e-con-full e-flex e-con e-parent\" data-id=\"dcfb448\" data-element_type=\"container\" data-e-type=\"container\" data-settings=\"{&quot;background_background&quot;:&quot;classic&quot;}\">\n\t\t<div class=\"elementor-element elementor-element-d21b7e0 e-con-full e-flex e-con e-child\" data-id=\"d21b7e0\" data-element_type=\"container\" data-e-type=\"container\">\n\t\t\t\t<div class=\"elementor-element elementor-element-e9fd9dc elementor-widget elementor-widget-heading\" data-id=\"e9fd9dc\" data-element_type=\"widget\" data-e-type=\"widget\" data-widget_type=\"heading.default\">\n\t\t\t\t<div class=\"elementor-widget-container\">\n\t\t\t\t\t<h1 class=\"elementor-heading-title elementor-size-default\">Nosaltres<\/h1>\t\t\t\t<\/div>\n\t\t\t\t<\/div>\n\t\t\t\t<div class=\"elementor-element elementor-element-e206055 elementor-widget elementor-widget-text-editor\" data-id=\"e206055\" data-element_type=\"widget\" data-e-type=\"widget\" data-widget_type=\"text-editor.default\">\n\t\t\t\t<div class=\"elementor-widget-container\">\n\t\t\t\t\t\t\t\t\t<p><strong>La Coordinadora de l&#8217;Alcalat\u00e9n<\/strong><\/p>\t\t\t\t\t\t\t\t<\/div>\n\t\t\t\t<\/div>\n\t\t\t\t<\/div>\n\t\t\t\t<\/div>\n\t\t<div class=\"elementor-element elementor-element-500861b e-flex e-con-boxed e-con e-parent\" data-id=\"500861b\" data-element_type=\"container\" data-e-type=\"container\">\n\t\t\t\t\t<div class=\"e-con-inner\">\n\t\t<div class=\"elementor-element elementor-element-7dbc6fb e-con-full e-flex e-con e-child\" data-id=\"7dbc6fb\" data-element_type=\"container\" data-e-type=\"container\">\n\t\t\t\t<div class=\"elementor-element elementor-element-a7d2ef1 elementor-widget__width-initial elementor-absolute elementor-widget elementor-widget-image\" data-id=\"a7d2ef1\" data-element_type=\"widget\" data-e-type=\"widget\" data-settings=\"{&quot;_position&quot;:&quot;absolute&quot;}\" data-widget_type=\"image.default\">\n\t\t\t\t<div class=\"elementor-widget-container\">\n\t\t\t\t\t\t\t\t\t\t\t\t\t\t\t<img fetchpriority=\"high\" decoding=\"async\" width=\"313\" height=\"616\" src=\"https:\/\/alcalaten.es\/wp-content\/uploads\/2023\/12\/Senal-1.png\" class=\"attachment-large size-large wp-image-1741\" alt=\"\" srcset=\"https:\/\/alcalaten.es\/wp-content\/uploads\/2023\/12\/Senal-1.png 313w, https:\/\/alcalaten.es\/wp-content\/uploads\/2023\/12\/Senal-1-152x300.png 152w\" sizes=\"(max-width: 313px) 100vw, 313px\" \/>\t\t\t\t\t\t\t\t\t\t\t\t\t\t\t<\/div>\n\t\t\t\t<\/div>\n\t\t\t\t<div class=\"elementor-element elementor-element-6658dc9 elementor-widget__width-inherit elementor-widget elementor-widget-heading\" data-id=\"6658dc9\" data-element_type=\"widget\" data-e-type=\"widget\" data-widget_type=\"heading.default\">\n\t\t\t\t<div class=\"elementor-widget-container\">\n\t\t\t\t\t<h4 class=\"elementor-heading-title elementor-size-medium\">La coordinadora de l'Alcalat\u00e9n esta formada per una Associaci\u00f3 de cadascun dels pobles de l'Alcalat\u00e9n.\nVa n\u00e0ixer en 1999 per a donar a con\u00e9ixer el folklore, la cultura, la gastronomia i els pobles d'una Comarca amb molt de potencial i poc coneguda. <\/h4>\t\t\t\t<\/div>\n\t\t\t\t<\/div>\n\t\t\t\t<\/div>\n\t\t\t\t\t<\/div>\n\t\t\t\t<\/div>\n\t\t<div class=\"elementor-element elementor-element-de2ae06 e-flex e-con-boxed e-con e-parent\" data-id=\"de2ae06\" data-element_type=\"container\" data-e-type=\"container\">\n\t\t\t\t\t<div class=\"e-con-inner\">\n\t\t<div class=\"elementor-element elementor-element-3321f3c e-con-full e-flex e-con e-child\" data-id=\"3321f3c\" data-element_type=\"container\" data-e-type=\"container\">\n\t\t\t\t<div class=\"elementor-element elementor-element-0d646b8 elementor-widget elementor-widget-image\" data-id=\"0d646b8\" data-element_type=\"widget\" data-e-type=\"widget\" data-widget_type=\"image.default\">\n\t\t\t\t<div class=\"elementor-widget-container\">\n\t\t\t\t\t\t\t\t\t\t\t\t\t\t\t<img decoding=\"async\" width=\"232\" height=\"300\" src=\"https:\/\/alcalaten.es\/wp-content\/uploads\/2023\/12\/464px-Escut_de_Costur.svg-232x300.png\" class=\"attachment-medium size-medium wp-image-1709\" alt=\"\" srcset=\"https:\/\/alcalaten.es\/wp-content\/uploads\/2023\/12\/464px-Escut_de_Costur.svg-232x300.png 232w, https:\/\/alcalaten.es\/wp-content\/uploads\/2023\/12\/464px-Escut_de_Costur.svg.png 464w\" sizes=\"(max-width: 232px) 100vw, 232px\" \/>\t\t\t\t\t\t\t\t\t\t\t\t\t\t\t<\/div>\n\t\t\t\t<\/div>\n\t\t\t\t<div class=\"elementor-element elementor-element-07f9311 elementor-widget elementor-widget-text-editor\" data-id=\"07f9311\" data-element_type=\"widget\" data-e-type=\"widget\" data-widget_type=\"text-editor.default\">\n\t\t\t\t<div class=\"elementor-widget-container\">\n\t\t\t\t\t\t\t\t\t<h2 class=\"iw\"><span class=\"qu\" tabindex=\"-1\" role=\"gridcell\" translate=\"no\"><span class=\"gD\" data-hovercard-id=\"aclafontanelladecostur@gmail.com\" data-hovercard-owner-id=\"123\">Costur<\/span>\u00a0<\/span><\/h2>\t\t\t\t\t\t\t\t<\/div>\n\t\t\t\t<\/div>\n\t\t\t\t<div class=\"elementor-element elementor-element-426e405 elementor-widget elementor-widget-text-editor\" data-id=\"426e405\" data-element_type=\"widget\" data-e-type=\"widget\" data-widget_type=\"text-editor.default\">\n\t\t\t\t<div class=\"elementor-widget-container\">\n\t\t\t\t\t\t\t\t\t<h6 class=\"iw\"><span class=\"qu\" tabindex=\"-1\" role=\"gridcell\" translate=\"no\"><span class=\"gD\" data-hovercard-id=\"aclafontanelladecostur@gmail.com\" data-hovercard-owner-id=\"123\">A.C. La Fontanella<\/span><\/span><\/h6>\t\t\t\t\t\t\t\t<\/div>\n\t\t\t\t<\/div>\n\t\t\t\t<div class=\"elementor-element elementor-element-d4a9c89 elementor-widget elementor-widget-image\" data-id=\"d4a9c89\" data-element_type=\"widget\" data-e-type=\"widget\" data-widget_type=\"image.default\">\n\t\t\t\t<div class=\"elementor-widget-container\">\n\t\t\t\t\t\t\t\t\t\t\t\t\t\t\t\t<a href=\"https:\/\/www.facebook.com\/aclafontanella\">\n\t\t\t\t\t\t\t<img decoding=\"async\" width=\"225\" height=\"225\" src=\"https:\/\/alcalaten.es\/wp-content\/uploads\/2023\/12\/A.C.-La-Fontanella-Costur.png\" class=\"attachment-large size-large wp-image-1706\" alt=\"\" srcset=\"https:\/\/alcalaten.es\/wp-content\/uploads\/2023\/12\/A.C.-La-Fontanella-Costur.png 225w, https:\/\/alcalaten.es\/wp-content\/uploads\/2023\/12\/A.C.-La-Fontanella-Costur-150x150.png 150w\" sizes=\"(max-width: 225px) 100vw, 225px\" \/>\t\t\t\t\t\t\t\t<\/a>\n\t\t\t\t\t\t\t\t\t\t\t\t\t\t\t<\/div>\n\t\t\t\t<\/div>\n\t\t\t\t<\/div>\n\t\t<div class=\"elementor-element elementor-element-ed84529 e-con-full e-flex e-con e-child\" data-id=\"ed84529\" data-element_type=\"container\" data-e-type=\"container\">\n\t\t\t\t<div class=\"elementor-element elementor-element-875c1de elementor-widget elementor-widget-image\" data-id=\"875c1de\" data-element_type=\"widget\" data-e-type=\"widget\" data-widget_type=\"image.default\">\n\t\t\t\t<div class=\"elementor-widget-container\">\n\t\t\t\t\t\t\t\t\t\t\t\t\t\t\t<img loading=\"lazy\" decoding=\"async\" width=\"181\" height=\"300\" src=\"https:\/\/alcalaten.es\/wp-content\/uploads\/2023\/12\/Escut_de_Figueroles-181x300.png\" class=\"attachment-medium size-medium wp-image-1705\" alt=\"\" srcset=\"https:\/\/alcalaten.es\/wp-content\/uploads\/2023\/12\/Escut_de_Figueroles-181x300.png 181w, https:\/\/alcalaten.es\/wp-content\/uploads\/2023\/12\/Escut_de_Figueroles.png 388w\" sizes=\"(max-width: 181px) 100vw, 181px\" \/>\t\t\t\t\t\t\t\t\t\t\t\t\t\t\t<\/div>\n\t\t\t\t<\/div>\n\t\t\t\t<div class=\"elementor-element elementor-element-2ef42e8 elementor-widget elementor-widget-text-editor\" data-id=\"2ef42e8\" data-element_type=\"widget\" data-e-type=\"widget\" data-widget_type=\"text-editor.default\">\n\t\t\t\t<div class=\"elementor-widget-container\">\n\t\t\t\t\t\t\t\t\t<h2 class=\"iw\">Figueroles<\/h2>\t\t\t\t\t\t\t\t<\/div>\n\t\t\t\t<\/div>\n\t\t\t\t<div class=\"elementor-element elementor-element-e4a28e9 elementor-widget elementor-widget-text-editor\" data-id=\"e4a28e9\" data-element_type=\"widget\" data-e-type=\"widget\" data-widget_type=\"text-editor.default\">\n\t\t\t\t<div class=\"elementor-widget-container\">\n\t\t\t\t\t\t\t\t\t<h6 class=\"iw\"><span class=\"qu\" tabindex=\"-1\" role=\"gridcell\" translate=\"no\"><span class=\"gD\" data-hovercard-id=\"aclafontanelladecostur@gmail.com\" data-hovercard-owner-id=\"123\">A.C. L&#8217;Arc<\/span>\u00a0<\/span><\/h6>\t\t\t\t\t\t\t\t<\/div>\n\t\t\t\t<\/div>\n\t\t\t\t<div class=\"elementor-element elementor-element-692c694 elementor-widget elementor-widget-image\" data-id=\"692c694\" data-element_type=\"widget\" data-e-type=\"widget\" data-widget_type=\"image.default\">\n\t\t\t\t<div class=\"elementor-widget-container\">\n\t\t\t\t\t\t\t\t\t\t\t\t\t\t\t<img loading=\"lazy\" decoding=\"async\" width=\"524\" height=\"452\" src=\"https:\/\/alcalaten.es\/wp-content\/uploads\/2023\/12\/AC_L-ARC_Figueroles.jpg\" class=\"attachment-large size-large wp-image-1712\" alt=\"\" srcset=\"https:\/\/alcalaten.es\/wp-content\/uploads\/2023\/12\/AC_L-ARC_Figueroles.jpg 524w, https:\/\/alcalaten.es\/wp-content\/uploads\/2023\/12\/AC_L-ARC_Figueroles-300x259.jpg 300w\" sizes=\"(max-width: 524px) 100vw, 524px\" \/>\t\t\t\t\t\t\t\t\t\t\t\t\t\t\t<\/div>\n\t\t\t\t<\/div>\n\t\t\t\t<\/div>\n\t\t<div class=\"elementor-element elementor-element-82264f1 e-con-full e-flex e-con e-child\" data-id=\"82264f1\" data-element_type=\"container\" data-e-type=\"container\">\n\t\t\t\t<div class=\"elementor-element elementor-element-ba9b138 elementor-widget elementor-widget-image\" data-id=\"ba9b138\" data-element_type=\"widget\" data-e-type=\"widget\" data-widget_type=\"image.default\">\n\t\t\t\t<div class=\"elementor-widget-container\">\n\t\t\t\t\t\t\t\t\t\t\t\t\t\t\t<img loading=\"lazy\" decoding=\"async\" width=\"216\" height=\"300\" src=\"https:\/\/alcalaten.es\/wp-content\/uploads\/2023\/12\/432px-Escut_llucena_del_cid.svg-216x300.png\" class=\"attachment-medium size-medium wp-image-1707\" alt=\"\" srcset=\"https:\/\/alcalaten.es\/wp-content\/uploads\/2023\/12\/432px-Escut_llucena_del_cid.svg-216x300.png 216w, https:\/\/alcalaten.es\/wp-content\/uploads\/2023\/12\/432px-Escut_llucena_del_cid.svg.png 432w\" sizes=\"(max-width: 216px) 100vw, 216px\" \/>\t\t\t\t\t\t\t\t\t\t\t\t\t\t\t<\/div>\n\t\t\t\t<\/div>\n\t\t\t\t<div class=\"elementor-element elementor-element-3573141 elementor-widget elementor-widget-text-editor\" data-id=\"3573141\" data-element_type=\"widget\" data-e-type=\"widget\" data-widget_type=\"text-editor.default\">\n\t\t\t\t<div class=\"elementor-widget-container\">\n\t\t\t\t\t\t\t\t\t<h2 class=\"iw\">Lucena del Cid<\/h2>\t\t\t\t\t\t\t\t<\/div>\n\t\t\t\t<\/div>\n\t\t\t\t<div class=\"elementor-element elementor-element-c6daa89 elementor-widget elementor-widget-text-editor\" data-id=\"c6daa89\" data-element_type=\"widget\" data-e-type=\"widget\" data-widget_type=\"text-editor.default\">\n\t\t\t\t<div class=\"elementor-widget-container\">\n\t\t\t\t\t\t\t\t\t<h6 class=\"iw\"><span class=\"qu\" tabindex=\"-1\" role=\"gridcell\" translate=\"no\"><span class=\"gD\" data-hovercard-id=\"aclafontanelladecostur@gmail.com\" data-hovercard-owner-id=\"123\">A.C. Llucena<\/span><\/span><\/h6>\t\t\t\t\t\t\t\t<\/div>\n\t\t\t\t<\/div>\n\t\t\t\t<div class=\"elementor-element elementor-element-5bbf375 elementor-widget elementor-widget-image\" data-id=\"5bbf375\" data-element_type=\"widget\" data-e-type=\"widget\" data-widget_type=\"image.default\">\n\t\t\t\t<div class=\"elementor-widget-container\">\n\t\t\t\t\t\t\t\t\t\t\t\t\t\t\t\t<a href=\"https:\/\/www.facebook.com\/profile.php?id=100064784166870\">\n\t\t\t\t\t\t\t<img loading=\"lazy\" decoding=\"async\" width=\"1024\" height=\"317\" src=\"https:\/\/alcalaten.es\/wp-content\/uploads\/2024\/02\/ac_lucena-1024x317.png\" class=\"attachment-large size-large wp-image-2435\" alt=\"\" srcset=\"https:\/\/alcalaten.es\/wp-content\/uploads\/2024\/02\/ac_lucena-1024x317.png 1024w, https:\/\/alcalaten.es\/wp-content\/uploads\/2024\/02\/ac_lucena-300x93.png 300w, https:\/\/alcalaten.es\/wp-content\/uploads\/2024\/02\/ac_lucena-768x238.png 768w, https:\/\/alcalaten.es\/wp-content\/uploads\/2024\/02\/ac_lucena-1536x475.png 1536w, https:\/\/alcalaten.es\/wp-content\/uploads\/2024\/02\/ac_lucena-2048x634.png 2048w\" sizes=\"(max-width: 1024px) 100vw, 1024px\" \/>\t\t\t\t\t\t\t\t<\/a>\n\t\t\t\t\t\t\t\t\t\t\t\t\t\t\t<\/div>\n\t\t\t\t<\/div>\n\t\t\t\t<\/div>\n\t\t<div class=\"elementor-element elementor-element-efca76f e-con-full e-flex e-con e-child\" data-id=\"efca76f\" data-element_type=\"container\" data-e-type=\"container\">\n\t\t\t\t<div class=\"elementor-element elementor-element-86e5997 elementor-widget elementor-widget-image\" data-id=\"86e5997\" data-element_type=\"widget\" data-e-type=\"widget\" data-widget_type=\"image.default\">\n\t\t\t\t<div class=\"elementor-widget-container\">\n\t\t\t\t\t\t\t\t\t\t\t\t\t\t\t<img loading=\"lazy\" decoding=\"async\" width=\"222\" height=\"300\" src=\"https:\/\/alcalaten.es\/wp-content\/uploads\/2023\/12\/443px-Escudo_de_lAlcora.svg-222x300.png\" class=\"attachment-medium size-medium wp-image-1708\" alt=\"\" srcset=\"https:\/\/alcalaten.es\/wp-content\/uploads\/2023\/12\/443px-Escudo_de_lAlcora.svg-222x300.png 222w, https:\/\/alcalaten.es\/wp-content\/uploads\/2023\/12\/443px-Escudo_de_lAlcora.svg.png 443w\" sizes=\"(max-width: 222px) 100vw, 222px\" \/>\t\t\t\t\t\t\t\t\t\t\t\t\t\t\t<\/div>\n\t\t\t\t<\/div>\n\t\t\t\t<div class=\"elementor-element elementor-element-3394aeb elementor-widget elementor-widget-text-editor\" data-id=\"3394aeb\" data-element_type=\"widget\" data-e-type=\"widget\" data-widget_type=\"text-editor.default\">\n\t\t\t\t<div class=\"elementor-widget-container\">\n\t\t\t\t\t\t\t\t\t<h2 class=\"iw\">Alcora<\/h2>\t\t\t\t\t\t\t\t<\/div>\n\t\t\t\t<\/div>\n\t\t\t\t<div class=\"elementor-element elementor-element-b113b40 elementor-widget elementor-widget-text-editor\" data-id=\"b113b40\" data-element_type=\"widget\" data-e-type=\"widget\" data-widget_type=\"text-editor.default\">\n\t\t\t\t<div class=\"elementor-widget-container\">\n\t\t\t\t\t\t\t\t\t<h6 class=\"iw\"><span class=\"qu\" tabindex=\"-1\" role=\"gridcell\" translate=\"no\"><span class=\"gD\" data-hovercard-id=\"aclafontanelladecostur@gmail.com\" data-hovercard-owner-id=\"123\">A.C. Ve\u00efns Barri la Sang<\/span><\/span><\/h6>\t\t\t\t\t\t\t\t<\/div>\n\t\t\t\t<\/div>\n\t\t\t\t<\/div>\n\t\t\t\t\t<\/div>\n\t\t\t\t<\/div>\n\t\t<div class=\"elementor-element elementor-element-be64c97 e-flex e-con-boxed e-con e-parent\" data-id=\"be64c97\" data-element_type=\"container\" data-e-type=\"container\">\n\t\t\t\t\t<div class=\"e-con-inner\">\n\t\t<div class=\"elementor-element elementor-element-371bd84 e-con-full e-flex e-con e-child\" data-id=\"371bd84\" data-element_type=\"container\" data-e-type=\"container\">\n\t\t\t\t<div class=\"elementor-element elementor-element-144f968 elementor-widget elementor-widget-image\" data-id=\"144f968\" data-element_type=\"widget\" data-e-type=\"widget\" data-widget_type=\"image.default\">\n\t\t\t\t<div class=\"elementor-widget-container\">\n\t\t\t\t\t\t\t\t\t\t\t\t\t\t\t<img loading=\"lazy\" decoding=\"async\" width=\"222\" height=\"300\" src=\"https:\/\/alcalaten.es\/wp-content\/uploads\/2023\/12\/443px-Escudo_de_lAlcora.svg-222x300.png\" class=\"attachment-medium size-medium wp-image-1708\" alt=\"\" srcset=\"https:\/\/alcalaten.es\/wp-content\/uploads\/2023\/12\/443px-Escudo_de_lAlcora.svg-222x300.png 222w, https:\/\/alcalaten.es\/wp-content\/uploads\/2023\/12\/443px-Escudo_de_lAlcora.svg.png 443w\" sizes=\"(max-width: 222px) 100vw, 222px\" \/>\t\t\t\t\t\t\t\t\t\t\t\t\t\t\t<\/div>\n\t\t\t\t<\/div>\n\t\t\t\t<div class=\"elementor-element elementor-element-4affd8d elementor-widget elementor-widget-text-editor\" data-id=\"4affd8d\" data-element_type=\"widget\" data-e-type=\"widget\" data-widget_type=\"text-editor.default\">\n\t\t\t\t<div class=\"elementor-widget-container\">\n\t\t\t\t\t\t\t\t\t<h2 class=\"iw\">La Foia<\/h2>\t\t\t\t\t\t\t\t<\/div>\n\t\t\t\t<\/div>\n\t\t\t\t<div class=\"elementor-element elementor-element-f4eab35 elementor-widget elementor-widget-text-editor\" data-id=\"f4eab35\" data-element_type=\"widget\" data-e-type=\"widget\" data-widget_type=\"text-editor.default\">\n\t\t\t\t<div class=\"elementor-widget-container\">\n\t\t\t\t\t\t\t\t\t<h5 class=\"iw\"><span class=\"qu\" tabindex=\"-1\" role=\"gridcell\" translate=\"no\"><span class=\"gD\" data-hovercard-id=\"aclafontanelladecostur@gmail.com\" data-hovercard-owner-id=\"123\">Coordinadora de <\/span><\/span><span class=\"qu\" tabindex=\"-1\" role=\"gridcell\" translate=\"no\"><span class=\"gD\" data-hovercard-id=\"aclafontanelladecostur@gmail.com\" data-hovercard-owner-id=\"123\">La Foia de l&#8217;Alcalat\u00e9n<\/span><\/span><\/h5>\t\t\t\t\t\t\t\t<\/div>\n\t\t\t\t<\/div>\n\t\t\t\t<\/div>\n\t\t<div class=\"elementor-element elementor-element-b75b86c e-con-full e-flex e-con e-child\" data-id=\"b75b86c\" data-element_type=\"container\" data-e-type=\"container\">\n\t\t\t\t<div class=\"elementor-element elementor-element-ab65747 elementor-widget elementor-widget-image\" data-id=\"ab65747\" data-element_type=\"widget\" data-e-type=\"widget\" data-widget_type=\"image.default\">\n\t\t\t\t<div class=\"elementor-widget-container\">\n\t\t\t\t\t\t\t\t\t\t\t\t\t\t\t<img loading=\"lazy\" decoding=\"async\" width=\"273\" height=\"300\" src=\"https:\/\/alcalaten.es\/wp-content\/uploads\/2023\/12\/useres-273x300.jpeg\" class=\"attachment-medium size-medium wp-image-1739\" alt=\"\" srcset=\"https:\/\/alcalaten.es\/wp-content\/uploads\/2023\/12\/useres-273x300.jpeg 273w, https:\/\/alcalaten.es\/wp-content\/uploads\/2023\/12\/useres.jpeg 389w\" sizes=\"(max-width: 273px) 100vw, 273px\" \/>\t\t\t\t\t\t\t\t\t\t\t\t\t\t\t<\/div>\n\t\t\t\t<\/div>\n\t\t\t\t<div class=\"elementor-element elementor-element-240f167 elementor-widget elementor-widget-text-editor\" data-id=\"240f167\" data-element_type=\"widget\" data-e-type=\"widget\" data-widget_type=\"text-editor.default\">\n\t\t\t\t<div class=\"elementor-widget-container\">\n\t\t\t\t\t\t\t\t\t<h2 class=\"iw\">Les Useres<\/h2>\t\t\t\t\t\t\t\t<\/div>\n\t\t\t\t<\/div>\n\t\t\t\t<div class=\"elementor-element elementor-element-cf73228 elementor-widget elementor-widget-text-editor\" data-id=\"cf73228\" data-element_type=\"widget\" data-e-type=\"widget\" data-widget_type=\"text-editor.default\">\n\t\t\t\t<div class=\"elementor-widget-container\">\n\t\t\t\t\t\t\t\t\t<h6 class=\"iw\"><span class=\"qu\" tabindex=\"-1\" role=\"gridcell\" translate=\"no\"><span class=\"gD\" data-hovercard-id=\"aclafontanelladecostur@gmail.com\" data-hovercard-owner-id=\"123\">A.C. L&#8217;ullal<\/span><\/span><\/h6>\t\t\t\t\t\t\t\t<\/div>\n\t\t\t\t<\/div>\n\t\t\t\t<div class=\"elementor-element elementor-element-2a55978 elementor-widget elementor-widget-image\" data-id=\"2a55978\" data-element_type=\"widget\" data-e-type=\"widget\" data-widget_type=\"image.default\">\n\t\t\t\t<div class=\"elementor-widget-container\">\n\t\t\t\t\t\t\t\t\t\t\t\t\t\t\t\t<a href=\"https:\/\/www.facebook.com\/AssociacioCulturalullal\/\">\n\t\t\t\t\t\t\t<img loading=\"lazy\" decoding=\"async\" width=\"1024\" height=\"524\" src=\"https:\/\/alcalaten.es\/wp-content\/uploads\/2024\/02\/AC_ullal-1024x524.jpg\" class=\"attachment-large size-large wp-image-2453\" alt=\"\" srcset=\"https:\/\/alcalaten.es\/wp-content\/uploads\/2024\/02\/AC_ullal-1024x524.jpg 1024w, https:\/\/alcalaten.es\/wp-content\/uploads\/2024\/02\/AC_ullal-300x153.jpg 300w, https:\/\/alcalaten.es\/wp-content\/uploads\/2024\/02\/AC_ullal-768x393.jpg 768w, https:\/\/alcalaten.es\/wp-content\/uploads\/2024\/02\/AC_ullal-1536x785.jpg 1536w, https:\/\/alcalaten.es\/wp-content\/uploads\/2024\/02\/AC_ullal.jpg 1678w\" sizes=\"(max-width: 1024px) 100vw, 1024px\" \/>\t\t\t\t\t\t\t\t<\/a>\n\t\t\t\t\t\t\t\t\t\t\t\t\t\t\t<\/div>\n\t\t\t\t<\/div>\n\t\t\t\t<\/div>\n\t\t<div class=\"elementor-element elementor-element-c2f2024 e-con-full e-flex e-con e-child\" data-id=\"c2f2024\" data-element_type=\"container\" data-e-type=\"container\">\n\t\t\t\t<div class=\"elementor-element elementor-element-5828196 elementor-widget elementor-widget-image\" data-id=\"5828196\" data-element_type=\"widget\" data-e-type=\"widget\" data-widget_type=\"image.default\">\n\t\t\t\t<div class=\"elementor-widget-container\">\n\t\t\t\t\t\t\t\t\t\t\t\t\t\t\t<img loading=\"lazy\" decoding=\"async\" width=\"238\" height=\"300\" src=\"https:\/\/alcalaten.es\/wp-content\/uploads\/2023\/12\/475px-Escudo_de_Xodos.svg-238x300.png\" class=\"attachment-medium size-medium wp-image-1710\" alt=\"\" srcset=\"https:\/\/alcalaten.es\/wp-content\/uploads\/2023\/12\/475px-Escudo_de_Xodos.svg-238x300.png 238w, https:\/\/alcalaten.es\/wp-content\/uploads\/2023\/12\/475px-Escudo_de_Xodos.svg.png 475w\" sizes=\"(max-width: 238px) 100vw, 238px\" \/>\t\t\t\t\t\t\t\t\t\t\t\t\t\t\t<\/div>\n\t\t\t\t<\/div>\n\t\t\t\t<div class=\"elementor-element elementor-element-19217d0 elementor-widget elementor-widget-text-editor\" data-id=\"19217d0\" data-element_type=\"widget\" data-e-type=\"widget\" data-widget_type=\"text-editor.default\">\n\t\t\t\t<div class=\"elementor-widget-container\">\n\t\t\t\t\t\t\t\t\t<h2 class=\"iw\">Xodos<\/h2>\t\t\t\t\t\t\t\t<\/div>\n\t\t\t\t<\/div>\n\t\t\t\t<div class=\"elementor-element elementor-element-ade2c1d elementor-widget elementor-widget-text-editor\" data-id=\"ade2c1d\" data-element_type=\"widget\" data-e-type=\"widget\" data-widget_type=\"text-editor.default\">\n\t\t\t\t<div class=\"elementor-widget-container\">\n\t\t\t\t\t\t\t\t\t<h6 class=\"iw\">\u00a0<\/h6>\t\t\t\t\t\t\t\t<\/div>\n\t\t\t\t<\/div>\n\t\t\t\t<\/div>\n\t\t\t\t\t<\/div>\n\t\t\t\t<\/div>\n\t\t\t\t<\/div>\n\t\t","protected":false},"excerpt":{"rendered":"<p>Nosaltres La Coordinadora de l&#8217;Alcalat\u00e9n La coordinadora de l&#8217;Alcalat\u00e9n esta formada per una Associaci\u00f3 de cadascun dels pobles de l&#8217;Alcalat\u00e9n. Va n\u00e0ixer en 1999 per a donar a con\u00e9ixer el folklore, la cultura, la gastronomia i els pobles d&#8217;una Comarca amb molt de potencial i poc coneguda. Costur\u00a0 A.C. La Fontanella Figueroles A.C. L&#8217;Arc\u00a0 Lucena [&hellip;]<\/p>\n","protected":false},"author":1,"featured_media":0,"parent":0,"menu_order":0,"comment_status":"closed","ping_status":"closed","template":"","meta":{"_acf_changed":false,"site-sidebar-layout":"no-sidebar","site-content-layout":"page-builder","ast-site-content-layout":"full-width-container","site-content-style":"unboxed","site-sidebar-style":"unboxed","ast-global-header-display":"","ast-banner-title-visibility":"","ast-main-header-display":"","ast-hfb-above-header-display":"","ast-hfb-below-header-display":"","ast-hfb-mobile-header-display":"","site-post-title":"disabled","ast-breadcrumbs-content":"","ast-featured-img":"disabled","footer-sml-layout":"","ast-disable-related-posts":"","theme-transparent-header-meta":"enabled","adv-header-id-meta":"","stick-header-meta":"","header-above-stick-meta":"","header-main-stick-meta":"","header-below-stick-meta":"","astra-migrate-meta-layouts":"set","ast-page-background-enabled":"default","ast-page-background-meta":{"desktop":{"background-color":"var(--ast-global-color-4)","background-image":"","background-repeat":"repeat","background-position":"center center","background-size":"auto","background-attachment":"scroll","background-type":"","background-media":"","overlay-type":"","overlay-color":"","overlay-opacity":"","overlay-gradient":""},"tablet":{"background-color":"","background-image":"","background-repeat":"repeat","background-position":"center center","background-size":"auto","background-attachment":"scroll","background-type":"","background-media":"","overlay-type":"","overlay-color":"","overlay-opacity":"","overlay-gradient":""},"mobile":{"background-color":"","background-image":"","background-repeat":"repeat","background-position":"center center","background-size":"auto","background-attachment":"scroll","background-type":"","background-media":"","overlay-type":"","overlay-color":"","overlay-opacity":"","overlay-gradient":""}},"ast-content-background-meta":{"desktop":{"background-color":"var(--ast-global-color-5)","background-image":"","background-repeat":"repeat","background-position":"center center","background-size":"auto","background-attachment":"scroll","background-type":"","background-media":"","overlay-type":"","overlay-color":"","overlay-opacity":"","overlay-gradient":""},"tablet":{"background-color":"var(--ast-global-color-5)","background-image":"","background-repeat":"repeat","background-position":"center center","background-size":"auto","background-attachment":"scroll","background-type":"","background-media":"","overlay-type":"","overlay-color":"","overlay-opacity":"","overlay-gradient":""},"mobile":{"background-color":"var(--ast-global-color-5)","background-image":"","background-repeat":"repeat","background-position":"center center","background-size":"auto","background-attachment":"scroll","background-type":"","background-media":"","overlay-type":"","overlay-color":"","overlay-opacity":"","overlay-gradient":""}},"footnotes":""},"class_list":["post-2120","page","type-page","status-publish","hentry"],"aioseo_notices":[],"acf":[],"_links":{"self":[{"href":"https:\/\/alcalaten.es\/index.php\/wp-json\/wp\/v2\/pages\/2120","targetHints":{"allow":["GET"]}}],"collection":[{"href":"https:\/\/alcalaten.es\/index.php\/wp-json\/wp\/v2\/pages"}],"about":[{"href":"https:\/\/alcalaten.es\/index.php\/wp-json\/wp\/v2\/types\/page"}],"author":[{"embeddable":true,"href":"https:\/\/alcalaten.es\/index.php\/wp-json\/wp\/v2\/users\/1"}],"replies":[{"embeddable":true,"href":"https:\/\/alcalaten.es\/index.php\/wp-json\/wp\/v2\/comments?post=2120"}],"version-history":[{"count":0,"href":"https:\/\/alcalaten.es\/index.php\/wp-json\/wp\/v2\/pages\/2120\/revisions"}],"wp:attachment":[{"href":"https:\/\/alcalaten.es\/index.php\/wp-json\/wp\/v2\/media?parent=2120"}],"curies":[{"name":"wp","href":"https:\/\/api.w.org\/{rel}","templated":true}]}}