{"id":2621,"date":"2024-03-20T17:29:15","date_gmt":"2024-03-20T16:29:15","guid":{"rendered":"https:\/\/alcalaten.es\/?page_id=2621"},"modified":"2024-04-16T18:57:34","modified_gmt":"2024-04-16T16:57:34","slug":"llibreria-de-lalcalaten","status":"publish","type":"page","link":"https:\/\/alcalaten.es\/index.php\/llibreria-de-lalcalaten\/","title":{"rendered":"Llibrer\u00eda de l&#8217;Alcalat\u00e9n"},"content":{"rendered":"\t\t<div data-elementor-type=\"wp-page\" data-elementor-id=\"2621\" class=\"elementor elementor-2621\">\n\t\t\t\t<div class=\"elementor-element elementor-element-782c14f e-flex e-con-boxed e-con e-parent\" data-id=\"782c14f\" data-element_type=\"container\" data-e-type=\"container\">\n\t\t\t\t\t<div class=\"e-con-inner\">\n\t\t\t\t<div class=\"elementor-element elementor-element-d221a0b elementor-widget elementor-widget-shortcode\" data-id=\"d221a0b\" data-element_type=\"widget\" data-e-type=\"widget\" data-widget_type=\"shortcode.default\">\n\t\t\t\t<div class=\"elementor-widget-container\">\n\t\t\t\t\t\t\t<div class=\"elementor-shortcode\"><style type=\"text\/css\">\r\n\/* Search Panel *\/\r\n.wbg-search-container {\r\n    background: #FFFFFF;\r\n    border: 0px solid #CCCCCC;\r\n    border-radius: 0px;\r\n    margin-top: 0px;\r\n    margin-bottom: 10px;\r\n}\r\n\/* Search Input *\/\r\n.wbg-search-container .wbg-search-item input[type=\"text\"],\r\n.selectize-control.single .selectize-input,\r\n.selectize-dropdown [data-selectable].option {\r\n    background-color: #FFFFFF;\r\n    color: #242424!important;\r\n    font-size: 14px;\r\n}\r\n.selectize-input input {\r\n    color: #242424!important;\r\n}\r\n\r\n.selectize-dropdown [data-selectable].option {\r\n    cursor: pointer;\r\n    border-bottom: 1px solid #EEE;\r\n    padding-bottom: 5px;\r\n}\r\n\/* Search Button *\/\r\n.wbg-search-container .wbg-search-item .submit-btn {\r\n    background: #0274be;\r\n    border: 1px solid #317081;\r\n    color: #FFFFFF;\r\n    font-size: 14px;\r\n    font-weight: 700;\r\n}\r\n.wbg-search-container .wbg-search-item .submit-btn:hover {\r\n    background: #EAEAEA;\r\n    color: #242424;\r\n}\r\n\/* Search Reset Button *\/\r\n.wbg-search-container .wbg-search-item a#wbg-search-refresh {\r\n    background: #EEEEEE;\r\n    border: 1px solid #999999;\r\n    color: #111111;\r\n    width: 45px;\r\n    font-size: 18px;\r\n}\r\n.wbg-search-container .wbg-search-item a#wbg-search-refresh:hover {\r\n    background: #6fa0df;\r\n    color: #FFFFFF;\r\n    border: 1px solid #6fa0df;\r\n}\r\n<\/style><style type=\"text\/css\">\r\n    .wbg-parent-wrapper {\r\n    background: #FFF;\r\n    border: 1px solid #FFFFFF;\r\n    max-width: 1200px;\r\n    margin-top: 0px;\r\n    margin-bottom: 0px;\r\n    padding: 0px;\r\n    border-radius: 0px;\r\n  }\r\n  .wbg-main-wrapper .wbg-item {\r\n    border: 1px solid #FFFFFF;\r\n    background-color: #F4F4F4;\r\n    white-space: normal;\r\n    padding-top: 10px;\r\n    padding-right: 10px;\r\n    padding-left: 10px;\r\n  }\r\n  \/*\r\n  .wbg-main-wrapper .wbg-item img {\r\n    width: ;\r\n    height: ;\r\n  }\r\n  *\/\r\n  .wbg-main-wrapper .wbg-item img:hover {\r\n      }\r\n  .wbg-main-wrapper .wbg-item a.wbg-btn {\r\n    background: #0274be;\r\n    color: #FFFFFF;\r\n    font-size: 12px;\r\n  }\r\n  .wbg-main-wrapper .wbg-item a.wbg-btn:hover {\r\n    background: #0274be;\r\n    color: #FFFFFF;\r\n  }\r\n  .wbg-main-wrapper .wbg-item .wgb-item-link {\r\n    color: #242424 !important;\r\n    font-size: 18px !important;\r\n  }\r\n  .wbg-main-wrapper .wbg-item .wgb-item-link:hover {\r\n    color: #FF0000 !important;\r\n  }\r\n  .wbg-main-wrapper .wbg-item .wbg-description-content {\r\n    font-size: 12px !important;\r\n    color: #242424 !important;\r\n  }\r\n  \r\n  @-webkit-keyframes rotation {\r\n    from {\r\n      -webkit-transform: rotate(0deg);\r\n    }\r\n    to {\r\n      -webkit-transform: rotate(360deg);\r\n    }\r\n  }\r\n\r\n  \/* List style *\/\r\n  .wbg-main-wrapper.list .wbg-item-list-wrapper {\r\n      border-bottom: 1px solid #FFFFFF;\r\n      background-color: #F4F4F4;\r\n      white-space: normal;\r\n  }\r\n  .wbg-main-wrapper.list .wbg-item-list-wrapper .wbg-item-list-detials .wbg-title h3.wgb-item-link,\r\n  .wbg-main-wrapper.list .wbg-item-list-wrapper .wbg-item-list-detials .wbg-title a.wgb-item-link {\r\n      color: #242424 !important;\r\n      font-size: 18px !important;\r\n  }\r\n  .wbg-main-wrapper.list .wbg-item-list-wrapper .wbg-item-list-detials .wbg-title h3.wgb-item-link:hover,\r\n  .wbg-main-wrapper.list .wbg-item-list-wrapper .wbg-item-list-detials .wbg-title a.wgb-item-link:hover {\r\n      color: #FF0000 !important;\r\n  }\r\n  .wbg-main-wrapper.list .wbg-item-list-wrapper .wbg-item-list-detials .regular-price .wbgp-price {\r\n    font-size: 16px;\r\n  }\r\n  .wbg-main-wrapper.list .wbg-item-list-wrapper .wbg-item-list-detials .regular-price .wbgp-price.price-after {\r\n      color: #13b651;\r\n  }\r\n  .wbg-main-wrapper.list .wbg-item-list-wrapper .wbg-item-list-detials .regular-price .wbgp-price.price-before {\r\n      color: #ff7162;\r\n  }\r\n  .wbg-main-wrapper.list .wbg-item-list-wrapper .wbg-item-list-detials span.loop-author,\r\n  .wbg-main-wrapper.list .wbg-item-list-wrapper .wbg-item-list-detials span.loop-author a.wbg-list-author {\r\n    color: #555555;\r\n    font-size: 11px !important;\r\n  }\r\n  .wbg-main-wrapper.list .wbg-item-list-wrapper .wbg-item-list-detials span.loop-category,\r\n  .wbg-main-wrapper.list .wbg-item-list-wrapper .wbg-item-list-detials span.loop-category a.wbg-list-cat {\r\n    color: #555555;\r\n    font-size: 11px !important;\r\n  }\r\n  .wbg-main-wrapper.list .wbg-item-list-wrapper .wbg-item-list-detials .wbg-description-content {\r\n      font-size: 12px !important;\r\n      color: #242424 !important;\r\n  }\r\n  .wbg-main-wrapper .wbg-item-list-wrapper a.wbg-btn {\r\n      background: #0274be;\r\n      color: #FFFFFF;\r\n      font-size: 12px;\r\n  }\r\n  .wbg-main-wrapper .wbg-item-list-wrapper a.wbg-btn:hover {\r\n      background: #0274be;\r\n      color: #FFFFFF;\r\n  }\r\n<\/style><div class=\"wbg-parent-wrapper\">\r\n  <form method=\"GET\" action=\"https:\/\/alcalaten.es\/llibreria-de-lalcalaten\" id=\"wbg-search-form\">\r\n    <div class=\"wrap wbg-search-container\">\r\n              <div class=\"wbg-search-item\">\r\n            <input type=\"text\" name=\"wbg_title_s\" placeholder=\"Titol del llibre\" value=\"\">\r\n          <\/div>\r\n                    <div class=\"wbg-search-item\">\r\n            <input type=\"text\" name=\"wbg_isbn_s\" placeholder=\"ISBN\" value=\"\">\r\n          <\/div>\r\n                    <div class=\"wbg-search-item\">\r\n            <select id=\"wbg_category_s\" name=\"wbg_category_s\" class=\"wbg-selectize\">\r\n                <option value=\"\">Totes les Categories<\/option>\r\n                                  <option value=\"Figueroles\" >Figueroles<\/option>\r\n                                    <option value=\"Llucena\" >Llucena<\/option>\r\n                              <\/select>\r\n          <\/div>\r\n                    <div class=\"wbg-search-item\">\r\n              <select id=\"wbg_published_on_s\" name=\"wbg_published_on_s\" class=\"wbg-selectize\">\r\n                  <option value=\"\">Tots el anys<\/option>\r\n                                <\/select>\r\n          <\/div>\r\n                      <div class=\"wbg-search-item\">\r\n                <select id=\"wbg_language_s\" name=\"wbg_language_s\" class=\"wbg-selectize\">\r\n                    <option value=\"\">Tots els idiomes<\/option>\r\n                                            <option value=\"Valencia\"  >Valencia<\/option>\r\n                                    <\/select>\r\n            <\/div>\r\n                        <div class=\"wbg-search-item\">\r\n              <select id=\"wbg_author_s\" name=\"wbg_author_s\" class=\"wbg-selectize\">\r\n                  <option value=\"\">Tots els autors<\/option>\r\n                                      <option value=\"Alfredo Fornas Pallar\u00e9s\"  >Alfredo Fornas Pallar\u00e9s<\/option>\r\n                                      <option value=\"Joaquim Escrig Fortanete\"  >Joaquim Escrig Fortanete<\/option>\r\n                                <\/select>\r\n            <\/div>\r\n            \r\n    <div class=\"wbg-search-item\">\r\n      <input type=\"submit\" class=\"button submit-btn\" value=\"Buscar llibres\">\r\n    <\/div>\r\n\r\n          <div class=\"wbg-search-item refresh\">\r\n        <a href=\"https:\/\/alcalaten.es\/llibreria-de-lalcalaten\" id=\"wbg-search-refresh\">\r\n                        <span class=\"fa fa-refresh\"><\/span>\r\n                      <\/a>\r\n      <\/div>\r\n        <\/div>\r\n<\/form>      <div class=\"wbg-total-books-title\">\r\n        Showing <span>1-3 of 3<\/span> Books      <\/div>\r\n          <div class=\"wbg-main-wrapper wbg-product-column-4 wbg-product-column-mobile-1 grid\">\r\n      <div class=\"wbg-item\">\r\n            <a class=\"wgb-item-link\" href=\"https:\/\/alcalaten.es\/index.php\/books\/el-revers-de-les-veus-apagades-segona-republica-i-guerra-civil-a-lalcalaten\/\" target=\"_self\">\r\n            <img decoding=\"async\" src=\"https:\/\/alcalaten.es\/wp-content\/uploads\/2024\/04\/978-84-19647-29-0-150x150.jpg\" alt=\"El revers de les veus apagades. Segona Rep\u00fablica i Guerra Civil a l\u2019Alcalat\u00e9n\" style=\"height:150px; object-fit: fill;\">            El revers de les veus apagades. Segona Rep\u00fablica i Guerra...        <\/a>\r\n                    <div class=\"wbg-description-content\">\r\n                <p>Fruit d\u2019una investigaci\u00f3 hist\u00f2rica rigorosa, de la Segona Rep\u00fablica l'obra analitza les millores socials, laborals i educatives, l\u2019economia, els resultats electorals, el catolicisme, l\u2019analfabetisme, les vagues, l\u2019adaptaci\u00f3 del caciquisme rural a la democr\u00e0cia, la propaganda, les conseq\u00fc\u00e8ncies de l\u2019increment de la cultura pol\u00edtica o la difusi\u00f3 d\u2019ideologies que generaren esperan\u00e7a,...<\/p>            <\/div>\r\n                        <span class=\"loop-category\">\r\n                &nbsp;<a href=\"?wbg_category_s=Figueroles\" class=\"wbg-list-author\">Figueroles<\/a>            <\/span>\r\n                        <span class=\"loop-author\">\r\n                &nbsp;<a href=\"?wbg_author_s=Alfredo+Fornas+Pallar%C3%A9s\" class=\"wbg-single-link\">Alfredo Fornas Pallar\u00e9s<\/a>            <\/span>\r\n                <!-- Button Panel -->\r\n    <div class=\"wbg-button-container\">\r\n            <\/div>\r\n<\/div><div class=\"wbg-item\">\r\n            <a class=\"wgb-item-link\" href=\"https:\/\/alcalaten.es\/index.php\/books\/figueroles-un-espai-en-temps-de-canvi-duna-societat-tradicional-a-la-modernitat-1870-2010\/\" target=\"_self\">\r\n            <img decoding=\"async\" src=\"https:\/\/alcalaten.es\/wp-content\/uploads\/2024\/04\/978-84-15444-85-5-142x150.jpg\" alt=\"Figueroles, un espai en temps de canvi D&#8217;una societat tradicional a la modernitat (1870-2010)\" style=\"height:150px; object-fit: fill;\">            Figueroles, un espai en temps de canvi D&#8217;una societat tradicional...        <\/a>\r\n                    <div class=\"wbg-description-content\">\r\n                <p>A partir de la segona meitat del segle XX, el poble, de tradici\u00f3 agr\u00edcola, va experimentar un proc\u00e9s d'industrialitzaci\u00f3 basat en el sector de la cer\u00e0mica. Un proc\u00e9s que no nom\u00e9s va suposar un canvi del model econ\u00f2mic, sin\u00f3 que, a m\u00e9s, va provocar una aut\u00e8ntica revoluci\u00f3 en aspectes sociol\u00f2gics....<\/p>            <\/div>\r\n                        <span class=\"loop-category\">\r\n                &nbsp;<a href=\"?wbg_category_s=Figueroles\" class=\"wbg-list-author\">Figueroles<\/a>            <\/span>\r\n                        <span class=\"loop-author\">\r\n                &nbsp;<a href=\"?wbg_author_s=Alfredo+Fornas+Pallar%C3%A9s\" class=\"wbg-single-link\">Alfredo Fornas Pallar\u00e9s<\/a>            <\/span>\r\n                <!-- Button Panel -->\r\n    <div class=\"wbg-button-container\">\r\n            <\/div>\r\n<\/div><div class=\"wbg-item\">\r\n            <a class=\"wgb-item-link\" href=\"https:\/\/alcalaten.es\/index.php\/books\/llucena-una-historia-de-lalcalaten-sociedad-poblamiento-y-territorio\/\" target=\"_self\">\r\n            <img decoding=\"async\" src=\"https:\/\/alcalaten.es\/wp-content\/uploads\/2024\/04\/978-84-8021-172-7-150x150.jpg\" alt=\"Llucena. Una hist\u00f2ria de L&#8217;Alcalat\u00e9n. Sociedad, poblamiento y territorio\" style=\"height:150px; object-fit: fill;\">            Llucena. Una hist\u00f2ria de L&#8217;Alcalat\u00e9n. Sociedad, poblamiento y territorio        <\/a>\r\n                    <div class=\"wbg-description-content\">\r\n                <p>La hist\u00f2ria de Llucena \u00e9s, principalment, la hist\u00f2ria de la lluita secular d'una comunitat per poder viure dignament -de vegades, simplement sobreviure- en un territori ingrat que imposa condicions dures als qui l'habiten.<\/p> <p>Comprar en tenda Uji: <a href=\"https:\/\/tenda.uji.es\/pls\/iglu\/!GCPPA00.GCPPR0002?lg=CA&amp;id_art=405\">https:\/\/tenda.uji.es\/pls\/iglu\/!GCPPA00.GCPPR0002?lg=CA&amp;id_art=405<\/a><\/p>            <\/div>\r\n                        <span class=\"loop-category\">\r\n                &nbsp;<a href=\"?wbg_category_s=Llucena\" class=\"wbg-list-author\">Llucena<\/a>            <\/span>\r\n                        <span class=\"loop-author\">\r\n                &nbsp;<a href=\"?wbg_author_s=Joaquim+Escrig+Fortanete\" class=\"wbg-single-link\">Joaquim Escrig Fortanete<\/a>            <\/span>\r\n                <!-- Button Panel -->\r\n    <div class=\"wbg-button-container\">\r\n            <\/div>\r\n<\/div>    <\/div>\r\n    <\/div>\r\n<\/div>\n\t\t\t\t\t\t<\/div>\n\t\t\t\t<\/div>\n\t\t\t\t\t<\/div>\n\t\t\t\t<\/div>\n\t\t\t\t<\/div>\n\t\t","protected":false},"excerpt":{"rendered":"","protected":false},"author":1,"featured_media":0,"parent":0,"menu_order":0,"comment_status":"closed","ping_status":"closed","template":"","meta":{"_acf_changed":false,"site-sidebar-layout":"no-sidebar","site-content-layout":"page-builder","ast-site-content-layout":"full-width-container","site-content-style":"default","site-sidebar-style":"default","ast-global-header-display":"","ast-banner-title-visibility":"","ast-main-header-display":"","ast-hfb-above-header-display":"","ast-hfb-below-header-display":"","ast-hfb-mobile-header-display":"","site-post-title":"disabled","ast-breadcrumbs-content":"","ast-featured-img":"disabled","footer-sml-layout":"","ast-disable-related-posts":"","theme-transparent-header-meta":"","adv-header-id-meta":"","stick-header-meta":"","header-above-stick-meta":"","header-main-stick-meta":"","header-below-stick-meta":"","astra-migrate-meta-layouts":"set","ast-page-background-enabled":"default","ast-page-background-meta":{"desktop":{"background-color":"var(--ast-global-color-4)","background-image":"","background-repeat":"repeat","background-position":"center center","background-size":"auto","background-attachment":"scroll","background-type":"","background-media":"","overlay-type":"","overlay-color":"","overlay-opacity":"","overlay-gradient":""},"tablet":{"background-color":"","background-image":"","background-repeat":"repeat","background-position":"center center","background-size":"auto","background-attachment":"scroll","background-type":"","background-media":"","overlay-type":"","overlay-color":"","overlay-opacity":"","overlay-gradient":""},"mobile":{"background-color":"","background-image":"","background-repeat":"repeat","background-position":"center center","background-size":"auto","background-attachment":"scroll","background-type":"","background-media":"","overlay-type":"","overlay-color":"","overlay-opacity":"","overlay-gradient":""}},"ast-content-background-meta":{"desktop":{"background-color":"var(--ast-global-color-5)","background-image":"","background-repeat":"repeat","background-position":"center center","background-size":"auto","background-attachment":"scroll","background-type":"","background-media":"","overlay-type":"","overlay-color":"","overlay-opacity":"","overlay-gradient":""},"tablet":{"background-color":"var(--ast-global-color-5)","background-image":"","background-repeat":"repeat","background-position":"center center","background-size":"auto","background-attachment":"scroll","background-type":"","background-media":"","overlay-type":"","overlay-color":"","overlay-opacity":"","overlay-gradient":""},"mobile":{"background-color":"var(--ast-global-color-5)","background-image":"","background-repeat":"repeat","background-position":"center center","background-size":"auto","background-attachment":"scroll","background-type":"","background-media":"","overlay-type":"","overlay-color":"","overlay-opacity":"","overlay-gradient":""}},"footnotes":""},"class_list":["post-2621","page","type-page","status-publish","hentry"],"aioseo_notices":[],"acf":[],"_links":{"self":[{"href":"https:\/\/alcalaten.es\/index.php\/wp-json\/wp\/v2\/pages\/2621","targetHints":{"allow":["GET"]}}],"collection":[{"href":"https:\/\/alcalaten.es\/index.php\/wp-json\/wp\/v2\/pages"}],"about":[{"href":"https:\/\/alcalaten.es\/index.php\/wp-json\/wp\/v2\/types\/page"}],"author":[{"embeddable":true,"href":"https:\/\/alcalaten.es\/index.php\/wp-json\/wp\/v2\/users\/1"}],"replies":[{"embeddable":true,"href":"https:\/\/alcalaten.es\/index.php\/wp-json\/wp\/v2\/comments?post=2621"}],"version-history":[{"count":0,"href":"https:\/\/alcalaten.es\/index.php\/wp-json\/wp\/v2\/pages\/2621\/revisions"}],"wp:attachment":[{"href":"https:\/\/alcalaten.es\/index.php\/wp-json\/wp\/v2\/media?parent=2621"}],"curies":[{"name":"wp","href":"https:\/\/api.w.org\/{rel}","templated":true}]}}